{"id":1318,"date":"2021-11-21T15:14:19","date_gmt":"2021-11-21T15:14:19","guid":{"rendered":"http:\/\/apexgroupintl.com\/about\/"},"modified":"2024-02-14T22:15:01","modified_gmt":"2024-02-14T22:15:01","slug":"about","status":"publish","type":"page","link":"https:\/\/apexgroupintl.com\/es\/about\/","title":{"rendered":"About"},"content":{"rendered":"<div data-elementor-type=\"wp-page\" data-elementor-id=\"1318\" class=\"elementor elementor-1318\" data-elementor-post-type=\"page\">\n\t\t\t\t<div class=\"elementor-element elementor-element-b485c57 e-flex e-con-boxed e-con e-parent\" data-id=\"b485c57\" data-element_type=\"container\" data-settings=\"{&quot;background_background&quot;:&quot;classic&quot;}\">\n\t\t\t\t\t<div class=\"e-con-inner\">\n\t\t\t\t<div class=\"elementor-element elementor-element-582eb7b elementor-widget elementor-widget-heading\" data-id=\"582eb7b\" data-element_type=\"widget\" data-widget_type=\"heading.default\">\n\t\t\t\t<div class=\"elementor-widget-container\">\n\t\t\t<h1 class=\"elementor-heading-title elementor-size-default\">SOBRE NOSOTROS<\/h1>\t\t<\/div>\n\t\t\t\t<\/div>\n\t\t\t\t\t<\/div>\n\t\t\t\t<\/div>\n\t\t<div class=\"elementor-element elementor-element-52ca2d4d e-flex e-con-boxed e-con e-parent\" data-id=\"52ca2d4d\" data-element_type=\"container\" id=\"service\" data-settings=\"{&quot;background_background&quot;:&quot;classic&quot;}\">\n\t\t\t\t\t<div class=\"e-con-inner\">\n\t\t\t\t<div class=\"elementor-element elementor-element-4e8ed687 elementor-widget elementor-widget-heading\" data-id=\"4e8ed687\" data-element_type=\"widget\" data-widget_type=\"heading.default\">\n\t\t\t\t<div class=\"elementor-widget-container\">\n\t\t\t<h2 class=\"elementor-heading-title elementor-size-default\">Apex Group: \nSoluciones en Cinco Dimensiones<\/h2>\t\t<\/div>\n\t\t\t\t<\/div>\n\t\t\t\t<div class=\"elementor-element elementor-element-72bbe35d elementor-widget-divider--view-line elementor-widget elementor-widget-divider\" data-id=\"72bbe35d\" data-element_type=\"widget\" data-widget_type=\"divider.default\">\n\t\t\t\t<div class=\"elementor-widget-container\">\n\t\t\t\t\t<div class=\"elementor-divider\">\n\t\t\t<span class=\"elementor-divider-separator\">\n\t\t\t\t\t\t<\/span>\n\t\t<\/div>\n\t\t\t\t<\/div>\n\t\t\t\t<\/div>\n\t\t<div class=\"elementor-element elementor-element-12054592 e-con-full e-flex e-con e-child\" data-id=\"12054592\" data-element_type=\"container\">\n\t\t<div class=\"elementor-element elementor-element-73534915 e-con-full e-flex e-con e-child\" data-id=\"73534915\" data-element_type=\"container\">\n\t\t\t\t<div class=\"elementor-element elementor-element-5c6cdbaf elementor-widget elementor-widget-image\" data-id=\"5c6cdbaf\" data-element_type=\"widget\" data-widget_type=\"image.default\">\n\t\t\t\t<div class=\"elementor-widget-container\">\n\t\t\t\t\t\t\t\t\t\t\t\t\t<img fetchpriority=\"high\" decoding=\"async\" width=\"612\" height=\"408\" src=\"https:\/\/apexgroupintl.com\/wp-content\/uploads\/2024\/02\/defense.jpg\" class=\"attachment-full size-full wp-image-4463\" alt=\"\" srcset=\"https:\/\/apexgroupintl.com\/wp-content\/uploads\/2024\/02\/defense.jpg 612w, https:\/\/apexgroupintl.com\/wp-content\/uploads\/2024\/02\/defense-300x200.jpg 300w\" sizes=\"(max-width: 612px) 100vw, 612px\" \/>\t\t\t\t\t\t\t\t\t\t\t\t\t<\/div>\n\t\t\t\t<\/div>\n\t\t\t\t<div class=\"elementor-element elementor-element-407a4382 elementor-widget elementor-widget-image-box\" data-id=\"407a4382\" data-element_type=\"widget\" data-widget_type=\"image-box.default\">\n\t\t\t\t<div class=\"elementor-widget-container\">\n\t\t\t<div class=\"elementor-image-box-wrapper\"><div class=\"elementor-image-box-content\"><h3 class=\"elementor-image-box-title\">Defensa<\/h3><p class=\"elementor-image-box-description\">En APEX GROUP, nos dedicamos a proporcionar soluciones militares integrales de primer nivel para satisfacer las necesidades m\u00e1s exigentes de nuestros clientes. Con una s\u00f3lida reputaci\u00f3n en la industria y un compromiso inquebrantable con la excelencia, nos enorgullece ofrecer una amplia gama de productos y servicios dise\u00f1ados para garantizar la seguridad y el rendimiento \u00f3ptimo en todas las operaciones.<\/p><\/div><\/div>\t\t<\/div>\n\t\t\t\t<\/div>\n\t\t\t\t<div class=\"elementor-element elementor-element-47a03c8 elementor-align-center elementor-widget elementor-widget-button\" data-id=\"47a03c8\" data-element_type=\"widget\" data-widget_type=\"button.default\">\n\t\t\t\t<div class=\"elementor-widget-container\">\n\t\t\t\t\t\t\t<div class=\"elementor-button-wrapper\">\n\t\t\t\t\t<a class=\"elementor-button elementor-button-link elementor-size-sm\" href=\"#\">\n\t\t\t\t\t\t<span class=\"elementor-button-content-wrapper\">\n\t\t\t\t\t\t\t\t\t<span class=\"elementor-button-text\">VER M\u00c1S<\/span>\n\t\t\t\t\t<\/span>\n\t\t\t\t\t<\/a>\n\t\t\t\t<\/div>\n\t\t\t\t\t\t<\/div>\n\t\t\t\t<\/div>\n\t\t\t\t<\/div>\n\t\t<div class=\"elementor-element elementor-element-920eb8e e-con-full e-flex e-con e-child\" data-id=\"920eb8e\" data-element_type=\"container\">\n\t\t\t\t<div class=\"elementor-element elementor-element-11ca4766 elementor-widget elementor-widget-image\" data-id=\"11ca4766\" data-element_type=\"widget\" data-widget_type=\"image.default\">\n\t\t\t\t<div class=\"elementor-widget-container\">\n\t\t\t\t\t\t\t\t\t\t\t\t\t<img decoding=\"async\" width=\"1197\" height=\"450\" src=\"https:\/\/apexgroupintl.com\/wp-content\/uploads\/2024\/02\/medical-technologies-4.jpg\" class=\"attachment-full size-full wp-image-4469\" alt=\"\" srcset=\"https:\/\/apexgroupintl.com\/wp-content\/uploads\/2024\/02\/medical-technologies-4.jpg 1197w, https:\/\/apexgroupintl.com\/wp-content\/uploads\/2024\/02\/medical-technologies-4-300x113.jpg 300w, https:\/\/apexgroupintl.com\/wp-content\/uploads\/2024\/02\/medical-technologies-4-1024x385.jpg 1024w, https:\/\/apexgroupintl.com\/wp-content\/uploads\/2024\/02\/medical-technologies-4-768x289.jpg 768w\" sizes=\"(max-width: 1197px) 100vw, 1197px\" \/>\t\t\t\t\t\t\t\t\t\t\t\t\t<\/div>\n\t\t\t\t<\/div>\n\t\t\t\t<div class=\"elementor-element elementor-element-7372e1fd elementor-widget elementor-widget-image-box\" data-id=\"7372e1fd\" data-element_type=\"widget\" data-widget_type=\"image-box.default\">\n\t\t\t\t<div class=\"elementor-widget-container\">\n\t\t\t<div class=\"elementor-image-box-wrapper\"><div class=\"elementor-image-box-content\"><h3 class=\"elementor-image-box-title\">Tecnolog\u00edas<\/h3><p class=\"elementor-image-box-description\">En APEX GROUP Technology Division nos dedicamos a proporcionar soluciones tecnol\u00f3gicas avanzadas para diversos sectores, incluyendo la atenci\u00f3n m\u00e9dica, la log\u00edstica militar y el desarrollo farmac\u00e9utico. Con un enfoque centrado en la innovaci\u00f3n y la eficiencia, estamos comprometidos a ofrecer productos y servicios de vanguardia que satisfagan las necesidades \u00fanicas de Nuestros clientes.<\/p><\/div><\/div>\t\t<\/div>\n\t\t\t\t<\/div>\n\t\t\t\t<div class=\"elementor-element elementor-element-59844e8 elementor-align-center elementor-widget elementor-widget-button\" data-id=\"59844e8\" data-element_type=\"widget\" data-widget_type=\"button.default\">\n\t\t\t\t<div class=\"elementor-widget-container\">\n\t\t\t\t\t\t\t<div class=\"elementor-button-wrapper\">\n\t\t\t\t\t<a class=\"elementor-button elementor-button-link elementor-size-sm\" href=\"#\">\n\t\t\t\t\t\t<span class=\"elementor-button-content-wrapper\">\n\t\t\t\t\t\t\t\t\t<span class=\"elementor-button-text\">VER M\u00c1S<\/span>\n\t\t\t\t\t<\/span>\n\t\t\t\t\t<\/a>\n\t\t\t\t<\/div>\n\t\t\t\t\t\t<\/div>\n\t\t\t\t<\/div>\n\t\t\t\t<\/div>\n\t\t<div class=\"elementor-element elementor-element-1d64dee5 e-con-full e-flex e-con e-child\" data-id=\"1d64dee5\" data-element_type=\"container\">\n\t\t\t\t<div class=\"elementor-element elementor-element-3576ba32 elementor-widget elementor-widget-image\" data-id=\"3576ba32\" data-element_type=\"widget\" data-widget_type=\"image.default\">\n\t\t\t\t<div class=\"elementor-widget-container\">\n\t\t\t\t\t\t\t\t\t\t\t\t\t<img decoding=\"async\" width=\"700\" height=\"466\" src=\"https:\/\/apexgroupintl.com\/wp-content\/uploads\/2024\/02\/commodity-market-1.png\" class=\"attachment-full size-full wp-image-4461\" alt=\"\" srcset=\"https:\/\/apexgroupintl.com\/wp-content\/uploads\/2024\/02\/commodity-market-1.png 700w, https:\/\/apexgroupintl.com\/wp-content\/uploads\/2024\/02\/commodity-market-1-300x200.png 300w\" sizes=\"(max-width: 700px) 100vw, 700px\" \/>\t\t\t\t\t\t\t\t\t\t\t\t\t<\/div>\n\t\t\t\t<\/div>\n\t\t\t\t<div class=\"elementor-element elementor-element-2ff6fc2d elementor-widget elementor-widget-image-box\" data-id=\"2ff6fc2d\" data-element_type=\"widget\" data-widget_type=\"image-box.default\">\n\t\t\t\t<div class=\"elementor-widget-container\">\n\t\t\t<div class=\"elementor-image-box-wrapper\"><div class=\"elementor-image-box-content\"><h3 class=\"elementor-image-box-title\">Commodities<\/h3><p class=\"elementor-image-box-description\">Nos destacamos como Traders Especializados en Commodities.          Los productos y bienes b\u00e1sicos  que componen la vida cotidiana.  Pueden incluir metales como cobre, oro y plata; fuentes de energ\u00eda como petr\u00f3leo crudo y gas natural; productos agropecuarios como el azucar y el caf\u00e9 asi como ganado y productos c\u00e1rnicos.\n\nInvertir en materias primas es una forma de agregar diversificaci\u00f3n a su cartera de inversion.<\/p><\/div><\/div>\t\t<\/div>\n\t\t\t\t<\/div>\n\t\t\t\t<div class=\"elementor-element elementor-element-c45c96c elementor-align-center elementor-widget elementor-widget-button\" data-id=\"c45c96c\" data-element_type=\"widget\" data-widget_type=\"button.default\">\n\t\t\t\t<div class=\"elementor-widget-container\">\n\t\t\t\t\t\t\t<div class=\"elementor-button-wrapper\">\n\t\t\t\t\t<a class=\"elementor-button elementor-button-link elementor-size-sm\" href=\"#\">\n\t\t\t\t\t\t<span class=\"elementor-button-content-wrapper\">\n\t\t\t\t\t\t\t\t\t<span class=\"elementor-button-text\">VER M\u00c1S<\/span>\n\t\t\t\t\t<\/span>\n\t\t\t\t\t<\/a>\n\t\t\t\t<\/div>\n\t\t\t\t\t\t<\/div>\n\t\t\t\t<\/div>\n\t\t\t\t<\/div>\n\t\t\t\t<\/div>\n\t\t\t\t\t<\/div>\n\t\t\t\t<\/div>\n\t\t\t\t<\/div>","protected":false},"excerpt":{"rendered":"<p>SOBRE NOSOTROS Apex Group: Soluciones en Cinco Dimensiones Defense En APEX GROUP, nos dedicamos a proporcionar soluciones militares integrales de primer nivel para satisfacer las necesidades m\u00e1s exigentes de nuestros clientes. Con una s\u00f3lida reputaci\u00f3n en la industria y un compromiso inquebrantable con la excelencia, nos enorgullece ofrecer una amplia gama de productos y servicios [&hellip;]<\/p>","protected":false},"author":4,"featured_media":0,"parent":0,"menu_order":0,"comment_status":"closed","ping_status":"closed","template":"","meta":{"bgseo_title":"","bgseo_description":"","bgseo_robots_index":"","bgseo_robots_follow":"","site-sidebar-layout":"no-sidebar","site-content-layout":"page-builder","ast-site-content-layout":"","site-content-style":"default","site-sidebar-style":"default","ast-global-header-display":"","ast-banner-title-visibility":"","ast-main-header-display":"","ast-hfb-above-header-display":"","ast-hfb-below-header-display":"","ast-hfb-mobile-header-display":"","site-post-title":"disabled","ast-breadcrumbs-content":"","ast-featured-img":"disabled","footer-sml-layout":"","theme-transparent-header-meta":"enabled","adv-header-id-meta":"","stick-header-meta":"","header-above-stick-meta":"","header-main-stick-meta":"","header-below-stick-meta":"","astra-migrate-meta-layouts":"default","ast-page-background-enabled":"default","ast-page-background-meta":{"desktop":{"background-color":"var(--ast-global-color-4)","background-image":"","background-repeat":"repeat","background-position":"center center","background-size":"auto","background-attachment":"scroll","background-type":"","background-media":"","overlay-type":"","overlay-color":"","overlay-opacity":"","overlay-gradient":""},"tablet":{"background-color":"","background-image":"","background-repeat":"repeat","background-position":"center center","background-size":"auto","background-attachment":"scroll","background-type":"","background-media":"","overlay-type":"","overlay-color":"","overlay-opacity":"","overlay-gradient":""},"mobile":{"background-color":"","background-image":"","background-repeat":"repeat","background-position":"center center","background-size":"auto","background-attachment":"scroll","background-type":"","background-media":"","overlay-type":"","overlay-color":"","overlay-opacity":"","overlay-gradient":""}},"ast-content-background-meta":{"desktop":{"background-color":"var(--ast-global-color-5)","background-image":"","background-repeat":"repeat","background-position":"center center","background-size":"auto","background-attachment":"scroll","background-type":"","background-media":"","overlay-type":"","overlay-color":"","overlay-opacity":"","overlay-gradient":""},"tablet":{"background-color":"var(--ast-global-color-5)","background-image":"","background-repeat":"repeat","background-position":"center center","background-size":"auto","background-attachment":"scroll","background-type":"","background-media":"","overlay-type":"","overlay-color":"","overlay-opacity":"","overlay-gradient":""},"mobile":{"background-color":"var(--ast-global-color-5)","background-image":"","background-repeat":"repeat","background-position":"center center","background-size":"auto","background-attachment":"scroll","background-type":"","background-media":"","overlay-type":"","overlay-color":"","overlay-opacity":"","overlay-gradient":""}},"footnotes":""},"class_list":["post-1318","page","type-page","status-publish","hentry"],"_links":{"self":[{"href":"https:\/\/apexgroupintl.com\/es\/wp-json\/wp\/v2\/pages\/1318"}],"collection":[{"href":"https:\/\/apexgroupintl.com\/es\/wp-json\/wp\/v2\/pages"}],"about":[{"href":"https:\/\/apexgroupintl.com\/es\/wp-json\/wp\/v2\/types\/page"}],"author":[{"embeddable":true,"href":"https:\/\/apexgroupintl.com\/es\/wp-json\/wp\/v2\/users\/4"}],"replies":[{"embeddable":true,"href":"https:\/\/apexgroupintl.com\/es\/wp-json\/wp\/v2\/comments?post=1318"}],"version-history":[{"count":48,"href":"https:\/\/apexgroupintl.com\/es\/wp-json\/wp\/v2\/pages\/1318\/revisions"}],"predecessor-version":[{"id":4965,"href":"https:\/\/apexgroupintl.com\/es\/wp-json\/wp\/v2\/pages\/1318\/revisions\/4965"}],"wp:attachment":[{"href":"https:\/\/apexgroupintl.com\/es\/wp-json\/wp\/v2\/media?parent=1318"}],"curies":[{"name":"wp","href":"https:\/\/api.w.org\/{rel}","templated":true}]}}