{"id":4354,"date":"2024-01-29T01:34:17","date_gmt":"2024-01-29T01:34:17","guid":{"rendered":"http:\/\/apexgroupintl.com\/?page_id=4354"},"modified":"2024-03-11T23:20:00","modified_gmt":"2024-03-11T23:20:00","slug":"apex-technologies","status":"publish","type":"page","link":"https:\/\/apexgroupintl.com\/es\/apex-technologies\/","title":{"rendered":"Apex Tecnolog\u00edas"},"content":{"rendered":"<div data-elementor-type=\"wp-page\" data-elementor-id=\"4354\" class=\"elementor elementor-4354\" data-elementor-post-type=\"page\">\n\t\t\t\t<div class=\"elementor-element elementor-element-a4c8b08 e-flex e-con-boxed e-con e-parent\" data-id=\"a4c8b08\" data-element_type=\"container\" data-settings=\"{&quot;background_background&quot;:&quot;classic&quot;}\">\n\t\t\t\t\t<div class=\"e-con-inner\">\n\t\t\t\t\t<\/div>\n\t\t\t\t<\/div>\n\t\t<div class=\"elementor-element elementor-element-ecc6e59 e-flex e-con-boxed e-con e-parent\" data-id=\"ecc6e59\" data-element_type=\"container\" data-settings=\"{&quot;background_background&quot;:&quot;classic&quot;}\">\n\t\t\t\t\t<div class=\"e-con-inner\">\n\t\t<div class=\"elementor-element elementor-element-8f7cc47 e-con-full e-flex e-con e-child\" data-id=\"8f7cc47\" data-element_type=\"container\">\n\t\t\t\t<div class=\"elementor-element elementor-element-2de9cefc elementor-widget elementor-widget-heading\" data-id=\"2de9cefc\" data-element_type=\"widget\" data-widget_type=\"heading.default\">\n\t\t\t\t<div class=\"elementor-widget-container\">\n\t\t\t<h1 class=\"elementor-heading-title elementor-size-default\">APEX TECNOLOG\u00cdAS<\/h1>\t\t<\/div>\n\t\t\t\t<\/div>\n\t\t\t\t<div class=\"elementor-element elementor-element-15ec9e2 elementor-widget elementor-widget-text-editor\" data-id=\"15ec9e2\" data-element_type=\"widget\" data-widget_type=\"text-editor.default\">\n\t\t\t\t<div class=\"elementor-widget-container\">\n\t\t\t\t\t\t\t<p>En el paisaje en constante evoluci\u00f3n de las tecnolog\u00edas m\u00e9dicas militares asi como municipales e institucionales, la Divisi\u00f3n de Tecnolog\u00eda de Apex Group lidera el camino al proporcionar soluciones innovadoras y avanzadas. Nos especializamos en suministrar hospitales militares, equipos m\u00e9dicos, ambulancias a\u00e9reas, veh\u00edculos especializados y productos farmac\u00e9uticos.<\/p>\t\t\t\t\t\t<\/div>\n\t\t\t\t<\/div>\n\t\t\t\t<div class=\"elementor-element elementor-element-6b42cb7 elementor-align-right elementor-widget elementor-widget-button\" data-id=\"6b42cb7\" data-element_type=\"widget\" data-widget_type=\"button.default\">\n\t\t\t\t<div class=\"elementor-widget-container\">\n\t\t\t\t\t\t\t<div class=\"elementor-button-wrapper\">\n\t\t\t\t\t<a class=\"elementor-button elementor-button-link elementor-size-sm\" href=\"http:\/\/apexgroupintl.com\/contact\/\">\n\t\t\t\t\t\t<span class=\"elementor-button-content-wrapper\">\n\t\t\t\t\t\t\t\t\t<span class=\"elementor-button-text\">CONT\u00c1CTENOS<\/span>\n\t\t\t\t\t<\/span>\n\t\t\t\t\t<\/a>\n\t\t\t\t<\/div>\n\t\t\t\t\t\t<\/div>\n\t\t\t\t<\/div>\n\t\t\t\t<div class=\"elementor-element elementor-element-ed996ca elementor-widget elementor-widget-heading\" data-id=\"ed996ca\" data-element_type=\"widget\" data-widget_type=\"heading.default\">\n\t\t\t\t<div class=\"elementor-widget-container\">\n\t\t\t<h4 class=\"elementor-heading-title elementor-size-default\">Nuestros productos y servicios incluyen:<\/h4>\t\t<\/div>\n\t\t\t\t<\/div>\n\t\t\t\t<\/div>\n\t\t\t\t\t<\/div>\n\t\t\t\t<\/div>\n\t\t<div class=\"elementor-element elementor-element-a293c2f e-flex e-con-boxed e-con e-parent\" data-id=\"a293c2f\" data-element_type=\"container\" data-settings=\"{&quot;background_background&quot;:&quot;classic&quot;}\">\n\t\t\t\t\t<div class=\"e-con-inner\">\n\t\t<div class=\"elementor-element elementor-element-e3481c7 e-con-full e-flex e-con e-child\" data-id=\"e3481c7\" data-element_type=\"container\">\n\t\t\t\t<div class=\"elementor-element elementor-element-b4eb9be elementor-position-top elementor-widget elementor-widget-image-box\" data-id=\"b4eb9be\" data-element_type=\"widget\" data-widget_type=\"image-box.default\">\n\t\t\t\t<div class=\"elementor-widget-container\">\n\t\t\t<div class=\"elementor-image-box-wrapper\"><figure class=\"elementor-image-box-img\"><img fetchpriority=\"high\" decoding=\"async\" width=\"480\" height=\"336\" src=\"https:\/\/apexgroupintl.com\/wp-content\/uploads\/2024\/03\/2.png\" class=\"elementor-animation-grow attachment-large size-large wp-image-5793\" alt=\"\" srcset=\"https:\/\/apexgroupintl.com\/wp-content\/uploads\/2024\/03\/2.png 480w, https:\/\/apexgroupintl.com\/wp-content\/uploads\/2024\/03\/2-300x210.png 300w, https:\/\/apexgroupintl.com\/wp-content\/uploads\/2024\/03\/2-18x12.png 18w\" sizes=\"(max-width: 480px) 100vw, 480px\" \/><\/figure><div class=\"elementor-image-box-content\"><h3 class=\"elementor-image-box-title\"><br> Hospitales de Campa\u00f1a<\/h3><p class=\"elementor-image-box-description\">Ofrecemos hospitales militares de emergencia completamente equipados para brindar atenci\u00f3n m\u00e9dica de alta calidad en entornos desafiantes. Nuestros hospitales est\u00e1n dise\u00f1ados para ser r\u00e1pidamente desplegables y proporcionar un entorno seguro y funcional para el tratamiento de heridos en combate, as\u00ed como en operaciones de emergencia civil en \u00e1reas de desastres naturales.<\/p><\/div><\/div>\t\t<\/div>\n\t\t\t\t<\/div>\n\t\t\t\t<\/div>\n\t\t<div class=\"elementor-element elementor-element-87fda92 e-con-full e-flex e-con e-child\" data-id=\"87fda92\" data-element_type=\"container\">\n\t\t\t\t<div class=\"elementor-element elementor-element-8dfb6ac elementor-position-top elementor-widget elementor-widget-image-box\" data-id=\"8dfb6ac\" data-element_type=\"widget\" data-widget_type=\"image-box.default\">\n\t\t\t\t<div class=\"elementor-widget-container\">\n\t\t\t<div class=\"elementor-image-box-wrapper\"><figure class=\"elementor-image-box-img\"><img decoding=\"async\" width=\"480\" height=\"336\" src=\"https:\/\/apexgroupintl.com\/wp-content\/uploads\/2024\/03\/5.png\" class=\"elementor-animation-grow attachment-large size-large wp-image-5790\" alt=\"\" srcset=\"https:\/\/apexgroupintl.com\/wp-content\/uploads\/2024\/03\/5.png 480w, https:\/\/apexgroupintl.com\/wp-content\/uploads\/2024\/03\/5-300x210.png 300w, https:\/\/apexgroupintl.com\/wp-content\/uploads\/2024\/03\/5-18x12.png 18w\" sizes=\"(max-width: 480px) 100vw, 480px\" \/><\/figure><div class=\"elementor-image-box-content\"><h3 class=\"elementor-image-box-title\">Equipos M\u00e9dicos,  Suministros y  Farmac\u00e9uticos<\/h3><p class=\"elementor-image-box-description\">Contamos con una amplia gama de equipos m\u00e9dicos avanzados, incluyendo dispositivos de diagn\u00f3stico,   monitorizaci\u00f3n de pacientes, soporte de vida  y equipos de cirug\u00eda de alta tecnolog\u00eda. Nuestros productos est\u00e1n dise\u00f1ados para ser confiables y precisos, incluso en condiciones extremas.<\/p><\/div><\/div>\t\t<\/div>\n\t\t\t\t<\/div>\n\t\t\t\t<\/div>\n\t\t<div class=\"elementor-element elementor-element-d2a68f4 e-con-full e-flex e-con e-child\" data-id=\"d2a68f4\" data-element_type=\"container\">\n\t\t\t\t<div class=\"elementor-element elementor-element-96d7e3b elementor-position-top elementor-widget elementor-widget-image-box\" data-id=\"96d7e3b\" data-element_type=\"widget\" data-widget_type=\"image-box.default\">\n\t\t\t\t<div class=\"elementor-widget-container\">\n\t\t\t<div class=\"elementor-image-box-wrapper\"><figure class=\"elementor-image-box-img\"><img decoding=\"async\" width=\"480\" height=\"336\" src=\"https:\/\/apexgroupintl.com\/wp-content\/uploads\/2024\/02\/2200_2.jepg_.webp\" class=\"elementor-animation-grow attachment-large size-large wp-image-5726\" alt=\"\" srcset=\"https:\/\/apexgroupintl.com\/wp-content\/uploads\/2024\/02\/2200_2.jepg_.webp 480w, https:\/\/apexgroupintl.com\/wp-content\/uploads\/2024\/02\/2200_2.jepg_-300x210.webp 300w, https:\/\/apexgroupintl.com\/wp-content\/uploads\/2024\/02\/2200_2.jepg_-18x12.webp 18w\" sizes=\"(max-width: 480px) 100vw, 480px\" \/><\/figure><div class=\"elementor-image-box-content\"><h3 class=\"elementor-image-box-title\"><br> Air Ambulances Conversions<\/h3><p class=\"elementor-image-box-description\">Nuestras conversiones de aeronaves de ala fija o rotatoria en aeroambulancias equipadas quedan listas para responder r\u00e1pidamente a situaciones de emergencia y proporcionar transporte m\u00e9dico seguro y eficiente. Equipadas con tecnolog\u00eda de vanguardia, nuestras aeroambulancias est\u00e1n dise\u00f1adas para salvar vidas en cualquier lugar y en cualquier momento.<\/p><\/div><\/div>\t\t<\/div>\n\t\t\t\t<\/div>\n\t\t\t\t<\/div>\n\t\t\t\t\t<\/div>\n\t\t\t\t<\/div>\n\t\t<div class=\"elementor-element elementor-element-72ba8c5 e-flex e-con-boxed e-con e-parent\" data-id=\"72ba8c5\" data-element_type=\"container\" data-settings=\"{&quot;background_background&quot;:&quot;classic&quot;}\">\n\t\t\t\t\t<div class=\"e-con-inner\">\n\t\t\t\t<div class=\"elementor-element elementor-element-9da7cdd elementor-align-center elementor-widget elementor-widget-button\" data-id=\"9da7cdd\" data-element_type=\"widget\" data-widget_type=\"button.default\">\n\t\t\t\t<div class=\"elementor-widget-container\">\n\t\t\t\t\t\t\t<div class=\"elementor-button-wrapper\">\n\t\t\t\t\t<a class=\"elementor-button elementor-button-link elementor-size-sm\" href=\"mailto:info@apexgroupintl.com?subject=Apex%20Group%20-%20Quote\">\n\t\t\t\t\t\t<span class=\"elementor-button-content-wrapper\">\n\t\t\t\t\t\t\t\t\t<span class=\"elementor-button-text\">ENV\u00cdENOS UNA SOLICITUD DE COTIZACI\u00d3N<\/span>\n\t\t\t\t\t<\/span>\n\t\t\t\t\t<\/a>\n\t\t\t\t<\/div>\n\t\t\t\t\t\t<\/div>\n\t\t\t\t<\/div>\n\t\t\t\t\t<\/div>\n\t\t\t\t<\/div>\n\t\t<div class=\"elementor-element elementor-element-be2b94d e-flex e-con-boxed e-con e-parent\" data-id=\"be2b94d\" data-element_type=\"container\" data-settings=\"{&quot;background_background&quot;:&quot;classic&quot;}\">\n\t\t\t\t\t<div class=\"e-con-inner\">\n\t\t<div class=\"elementor-element elementor-element-4050dcf e-con-full e-flex e-con e-child\" data-id=\"4050dcf\" data-element_type=\"container\">\n\t\t\t\t<div class=\"elementor-element elementor-element-8289a2f elementor-position-top elementor-widget elementor-widget-image-box\" data-id=\"8289a2f\" data-element_type=\"widget\" data-widget_type=\"image-box.default\">\n\t\t\t\t<div class=\"elementor-widget-container\">\n\t\t\t<div class=\"elementor-image-box-wrapper\"><figure class=\"elementor-image-box-img\"><img loading=\"lazy\" decoding=\"async\" width=\"480\" height=\"336\" src=\"https:\/\/apexgroupintl.com\/wp-content\/uploads\/2024\/03\/4.png\" class=\"elementor-animation-grow attachment-large size-large wp-image-5791\" alt=\"\" srcset=\"https:\/\/apexgroupintl.com\/wp-content\/uploads\/2024\/03\/4.png 480w, https:\/\/apexgroupintl.com\/wp-content\/uploads\/2024\/03\/4-300x210.png 300w, https:\/\/apexgroupintl.com\/wp-content\/uploads\/2024\/03\/4-18x12.png 18w\" sizes=\"(max-width: 480px) 100vw, 480px\" \/><\/figure><div class=\"elementor-image-box-content\"><h3 class=\"elementor-image-box-title\">Veh\u00edculos Militares<\/h3><p class=\"elementor-image-box-description\">Ofrecemos una variedad de veh\u00edculos de conversi\u00f3n especializados para satisfacer las necesidades espec\u00edficas de la log\u00edstica militar. Desde veh\u00edculos de transporte de tropas hasta camiones de suministros, nuestros productos est\u00e1n dise\u00f1ados para maximizar la eficiencia y la seguridad en el campo de batalla y en operaciones civiles aeroportuarias alrededor del mundo.<\/p><\/div><\/div>\t\t<\/div>\n\t\t\t\t<\/div>\n\t\t\t\t<\/div>\n\t\t<div class=\"elementor-element elementor-element-616dfb4 e-con-full e-flex e-con e-child\" data-id=\"616dfb4\" data-element_type=\"container\">\n\t\t\t\t<div class=\"elementor-element elementor-element-1b7d33f elementor-position-top elementor-widget elementor-widget-image-box\" data-id=\"1b7d33f\" data-element_type=\"widget\" data-widget_type=\"image-box.default\">\n\t\t\t\t<div class=\"elementor-widget-container\">\n\t\t\t<div class=\"elementor-image-box-wrapper\"><figure class=\"elementor-image-box-img\"><img loading=\"lazy\" decoding=\"async\" width=\"480\" height=\"336\" src=\"https:\/\/apexgroupintl.com\/wp-content\/uploads\/2024\/03\/3.png\" class=\"elementor-animation-grow attachment-large size-large wp-image-5792\" alt=\"\" srcset=\"https:\/\/apexgroupintl.com\/wp-content\/uploads\/2024\/03\/3.png 480w, https:\/\/apexgroupintl.com\/wp-content\/uploads\/2024\/03\/3-300x210.png 300w, https:\/\/apexgroupintl.com\/wp-content\/uploads\/2024\/03\/3-18x12.png 18w\" sizes=\"(max-width: 480px) 100vw, 480px\" \/><\/figure><div class=\"elementor-image-box-content\"><h3 class=\"elementor-image-box-title\">Unidades M\u00e9dicas M\u00f3viles<\/h3><p class=\"elementor-image-box-description\">En APEX Group nos dedicamos a proporcionar unidades m\u00e9dicas m\u00f3viles de alta calidad para satisfacer las necesidades de atenci\u00f3n m\u00e9dica en \u00e1reas remotas, eventos especiales y situaciones de emergencia.  Equipadas con equipos m\u00e9dicos de \u00faltima generaci\u00f3n, nuestras unidades est\u00e1n dise\u00f1adas para ofrecer atenci\u00f3n m\u00e9dica de calidad donde sea necesario, garantizando la seguridad y el bienestar de los pacientes.<\/p><\/div><\/div>\t\t<\/div>\n\t\t\t\t<\/div>\n\t\t\t\t<\/div>\n\t\t<div class=\"elementor-element elementor-element-53abc25 e-con-full e-flex e-con e-child\" data-id=\"53abc25\" data-element_type=\"container\">\n\t\t\t\t<div class=\"elementor-element elementor-element-1cb7b6a elementor-position-top elementor-widget elementor-widget-image-box\" data-id=\"1cb7b6a\" data-element_type=\"widget\" data-widget_type=\"image-box.default\">\n\t\t\t\t<div class=\"elementor-widget-container\">\n\t\t\t<div class=\"elementor-image-box-wrapper\"><figure class=\"elementor-image-box-img\"><img loading=\"lazy\" decoding=\"async\" width=\"480\" height=\"336\" src=\"https:\/\/apexgroupintl.com\/wp-content\/uploads\/2024\/03\/6.png\" class=\"elementor-animation-grow attachment-large size-large wp-image-5789\" alt=\"\" srcset=\"https:\/\/apexgroupintl.com\/wp-content\/uploads\/2024\/03\/6.png 480w, https:\/\/apexgroupintl.com\/wp-content\/uploads\/2024\/03\/6-300x210.png 300w, https:\/\/apexgroupintl.com\/wp-content\/uploads\/2024\/03\/6-18x12.png 18w\" sizes=\"(max-width: 480px) 100vw, 480px\" \/><\/figure><div class=\"elementor-image-box-content\"><h3 class=\"elementor-image-box-title\">Ambulancias y Camiones de Bomberos<\/h3><p class=\"elementor-image-box-description\">Nuestras conversiones de aeronaves de ala fija o rotatoria en aeroambulancias equipadas quedan listas para responder r\u00e1pidamente a situaciones de emergencia y proporcionar transporte m\u00e9dico seguro y eficiente. Equipadas con tecnolog\u00eda de vanguardia, nuestras aeroambulancias est\u00e1n dise\u00f1adas para salvar vidas en cualquier lugar y en cualquier momento.<\/p><\/div><\/div>\t\t<\/div>\n\t\t\t\t<\/div>\n\t\t\t\t<\/div>\n\t\t\t\t\t<\/div>\n\t\t\t\t<\/div>\n\t\t<div class=\"elementor-element elementor-element-296a9c5 e-flex e-con-boxed e-con e-parent\" data-id=\"296a9c5\" data-element_type=\"container\" data-settings=\"{&quot;background_background&quot;:&quot;classic&quot;}\">\n\t\t\t\t\t<div class=\"e-con-inner\">\n\t\t\t\t<div class=\"elementor-element elementor-element-8468a04 elementor-align-center elementor-widget elementor-widget-button\" data-id=\"8468a04\" data-element_type=\"widget\" data-widget_type=\"button.default\">\n\t\t\t\t<div class=\"elementor-widget-container\">\n\t\t\t\t\t\t\t<div class=\"elementor-button-wrapper\">\n\t\t\t\t\t<a class=\"elementor-button elementor-button-link elementor-size-sm\" href=\"mailto:info@apexgroupintl.com?subject=Apex%20Group%20-%20Quote\">\n\t\t\t\t\t\t<span class=\"elementor-button-content-wrapper\">\n\t\t\t\t\t\t\t\t\t<span class=\"elementor-button-text\">ENV\u00cdENOS UNA SOLICITUD DE COTIZACI\u00d3N<\/span>\n\t\t\t\t\t<\/span>\n\t\t\t\t\t<\/a>\n\t\t\t\t<\/div>\n\t\t\t\t\t\t<\/div>\n\t\t\t\t<\/div>\n\t\t\t\t\t<\/div>\n\t\t\t\t<\/div>\n\t\t\t\t<section class=\"elementor-section elementor-top-section elementor-element elementor-element-dfsy6ri elementor-section-content-middle elementor-section-boxed elementor-section-height-default elementor-section-height-default\" data-id=\"dfsy6ri\" data-element_type=\"section\" data-settings=\"{&quot;background_background&quot;:&quot;classic&quot;}\">\n\t\t\t\t\t\t\t<div class=\"elementor-background-overlay\"><\/div>\n\t\t\t\t\t\t\t<div class=\"elementor-container elementor-column-gap-no\">\n\t\t\t\t\t<div class=\"elementor-column elementor-col-100 elementor-top-column elementor-element elementor-element-efbc4d6\" data-id=\"efbc4d6\" data-element_type=\"column\">\n\t\t\t<div class=\"elementor-widget-wrap elementor-element-populated\">\n\t\t\t\t\t\t<div class=\"elementor-element elementor-element-65f5ec1 elementor-widget elementor-widget-image-carousel\" data-id=\"65f5ec1\" data-element_type=\"widget\" data-settings=\"{&quot;slides_to_show&quot;:&quot;6&quot;,&quot;navigation&quot;:&quot;none&quot;,&quot;slides_to_show_tablet&quot;:&quot;2&quot;,&quot;slides_to_show_mobile&quot;:&quot;1&quot;,&quot;autoplay&quot;:&quot;no&quot;,&quot;image_spacing_custom&quot;:{&quot;unit&quot;:&quot;px&quot;,&quot;size&quot;:20,&quot;sizes&quot;:[]},&quot;infinite&quot;:&quot;yes&quot;,&quot;speed&quot;:500,&quot;image_spacing_custom_tablet&quot;:{&quot;unit&quot;:&quot;px&quot;,&quot;size&quot;:&quot;&quot;,&quot;sizes&quot;:[]}}\" data-widget_type=\"image-carousel.default\">\n\t\t\t\t<div class=\"elementor-widget-container\">\n\t\t\t\t\t<div class=\"elementor-image-carousel-wrapper swiper\" dir=\"ltr\">\n\t\t\t<div class=\"elementor-image-carousel swiper-wrapper swiper-image-stretch\" aria-live=\"polite\">\n\t\t\t\t\t\t\t\t<div class=\"swiper-slide\" role=\"group\" aria-roledescription=\"slide\" aria-label=\"1 de 6\"><figure class=\"swiper-slide-inner\"><img decoding=\"async\" class=\"swiper-slide-image\" src=\"https:\/\/apexgroupintl.com\/wp-content\/uploads\/2024\/02\/WesternShelter_gray.png\" alt=\"WesternShelter_gray\" \/><\/figure><\/div><div class=\"swiper-slide\" role=\"group\" aria-roledescription=\"slide\" aria-label=\"2 de 6\"><figure class=\"swiper-slide-inner\"><img decoding=\"async\" class=\"swiper-slide-image\" src=\"https:\/\/apexgroupintl.com\/wp-content\/uploads\/2024\/02\/navistarDefenseHeaderLogo.png\" alt=\"navistarDefenseHeaderLogo\" \/><\/figure><\/div><div class=\"swiper-slide\" role=\"group\" aria-roledescription=\"slide\" aria-label=\"3 de 6\"><figure class=\"swiper-slide-inner\"><img decoding=\"async\" class=\"swiper-slide-image\" src=\"https:\/\/apexgroupintl.com\/wp-content\/uploads\/2024\/02\/artboard_1.png\" alt=\"artboard_1\" \/><\/figure><\/div><div class=\"swiper-slide\" role=\"group\" aria-roledescription=\"slide\" aria-label=\"4 de 6\"><figure class=\"swiper-slide-inner\"><img decoding=\"async\" class=\"swiper-slide-image\" src=\"https:\/\/apexgroupintl.com\/wp-content\/uploads\/2024\/02\/Main-Logo-2.webp\" alt=\"Main Logo 2\" \/><\/figure><\/div><div class=\"swiper-slide\" role=\"group\" aria-roledescription=\"slide\" aria-label=\"5 de 6\"><figure class=\"swiper-slide-inner\"><img decoding=\"async\" class=\"swiper-slide-image\" src=\"https:\/\/apexgroupintl.com\/wp-content\/uploads\/2024\/02\/logo.png.webp\" alt=\"logo.png\" \/><\/figure><\/div><div class=\"swiper-slide\" role=\"group\" aria-roledescription=\"slide\" aria-label=\"6 de 6\"><figure class=\"swiper-slide-inner\"><img decoding=\"async\" class=\"swiper-slide-image\" src=\"https:\/\/apexgroupintl.com\/wp-content\/uploads\/2024\/02\/Quiroga.webp\" alt=\"Quiroga\" \/><\/figure><\/div>\t\t\t<\/div>\n\t\t\t\t\t\t\t\n\t\t\t\t\t\t\t\t\t<\/div>\n\t\t\t\t<\/div>\n\t\t\t\t<\/div>\n\t\t\t\t\t<\/div>\n\t\t<\/div>\n\t\t\t\t\t<\/div>\n\t\t<\/section>\n\t\t\t\t<\/div>","protected":false},"excerpt":{"rendered":"<p>APEX TECHNOLOGIES In the constantly evolving landscape of military, municipal, and institutional medical technologies, Apex Group&#8217;s Technology Division leads the way by providing innovative and advanced solutions. We specialize in supplying military hospitals, medical equipment, air ambulances, specialized vehicles, and pharmaceutical products. CONTACT US Our products and services include: Field Hospitals We offer fully equipped [&hellip;]<\/p>","protected":false},"author":4,"featured_media":0,"parent":0,"menu_order":0,"comment_status":"closed","ping_status":"closed","template":"","meta":{"bgseo_title":"","bgseo_description":"","bgseo_robots_index":"index","bgseo_robots_follow":"follow","site-sidebar-layout":"no-sidebar","site-content-layout":"page-builder","ast-site-content-layout":"full-width-container","site-content-style":"default","site-sidebar-style":"default","ast-global-header-display":"","ast-banner-title-visibility":"","ast-main-header-display":"","ast-hfb-above-header-display":"","ast-hfb-below-header-display":"","ast-hfb-mobile-header-display":"","site-post-title":"disabled","ast-breadcrumbs-content":"","ast-featured-img":"disabled","footer-sml-layout":"","theme-transparent-header-meta":"","adv-header-id-meta":"","stick-header-meta":"","header-above-stick-meta":"","header-main-stick-meta":"","header-below-stick-meta":"","astra-migrate-meta-layouts":"set","ast-page-background-enabled":"default","ast-page-background-meta":{"desktop":{"background-color":"var(--ast-global-color-4)","background-image":"","background-repeat":"repeat","background-position":"center center","background-size":"auto","background-attachment":"scroll","background-type":"","background-media":"","overlay-type":"","overlay-color":"","overlay-opacity":"","overlay-gradient":""},"tablet":{"background-color":"","background-image":"","background-repeat":"repeat","background-position":"center center","background-size":"auto","background-attachment":"scroll","background-type":"","background-media":"","overlay-type":"","overlay-color":"","overlay-opacity":"","overlay-gradient":""},"mobile":{"background-color":"","background-image":"","background-repeat":"repeat","background-position":"center center","background-size":"auto","background-attachment":"scroll","background-type":"","background-media":"","overlay-type":"","overlay-color":"","overlay-opacity":"","overlay-gradient":""}},"ast-content-background-meta":{"desktop":{"background-color":"var(--ast-global-color-5)","background-image":"","background-repeat":"repeat","background-position":"center center","background-size":"auto","background-attachment":"scroll","background-type":"","background-media":"","overlay-type":"","overlay-color":"","overlay-opacity":"","overlay-gradient":""},"tablet":{"background-color":"var(--ast-global-color-5)","background-image":"","background-repeat":"repeat","background-position":"center center","background-size":"auto","background-attachment":"scroll","background-type":"","background-media":"","overlay-type":"","overlay-color":"","overlay-opacity":"","overlay-gradient":""},"mobile":{"background-color":"var(--ast-global-color-5)","background-image":"","background-repeat":"repeat","background-position":"center center","background-size":"auto","background-attachment":"scroll","background-type":"","background-media":"","overlay-type":"","overlay-color":"","overlay-opacity":"","overlay-gradient":""}},"footnotes":""},"class_list":["post-4354","page","type-page","status-publish","hentry"],"_links":{"self":[{"href":"https:\/\/apexgroupintl.com\/es\/wp-json\/wp\/v2\/pages\/4354"}],"collection":[{"href":"https:\/\/apexgroupintl.com\/es\/wp-json\/wp\/v2\/pages"}],"about":[{"href":"https:\/\/apexgroupintl.com\/es\/wp-json\/wp\/v2\/types\/page"}],"author":[{"embeddable":true,"href":"https:\/\/apexgroupintl.com\/es\/wp-json\/wp\/v2\/users\/4"}],"replies":[{"embeddable":true,"href":"https:\/\/apexgroupintl.com\/es\/wp-json\/wp\/v2\/comments?post=4354"}],"version-history":[{"count":370,"href":"https:\/\/apexgroupintl.com\/es\/wp-json\/wp\/v2\/pages\/4354\/revisions"}],"predecessor-version":[{"id":6528,"href":"https:\/\/apexgroupintl.com\/es\/wp-json\/wp\/v2\/pages\/4354\/revisions\/6528"}],"wp:attachment":[{"href":"https:\/\/apexgroupintl.com\/es\/wp-json\/wp\/v2\/media?parent=4354"}],"curies":[{"name":"wp","href":"https:\/\/api.w.org\/{rel}","templated":true}]}}