{"id":6307,"date":"2024-03-10T20:21:55","date_gmt":"2024-03-10T20:21:55","guid":{"rendered":"http:\/\/apexgroupintl.com\/?page_id=6307"},"modified":"2024-03-11T23:24:57","modified_gmt":"2024-03-11T23:24:57","slug":"privacy-policy","status":"publish","type":"page","link":"https:\/\/apexgroupintl.com\/es\/privacy-policy\/","title":{"rendered":"Pol\u00edtica de Privacidad"},"content":{"rendered":"<div data-elementor-type=\"wp-page\" data-elementor-id=\"6307\" class=\"elementor elementor-6307\" data-elementor-post-type=\"page\">\n\t\t\t\t\t\t<section class=\"elementor-section elementor-top-section elementor-element elementor-element-u5erbp1 elementor-section-content-top elementor-hidden-tablet elementor-hidden-mobile elementor-section-boxed elementor-section-height-default elementor-section-height-default\" data-id=\"u5erbp1\" data-element_type=\"section\" data-settings=\"{&quot;background_background&quot;:&quot;classic&quot;,&quot;background_motion_fx_motion_fx_scrolling&quot;:&quot;yes&quot;,&quot;background_motion_fx_devices&quot;:[&quot;desktop&quot;,&quot;tablet&quot;,&quot;mobile&quot;]}\">\n\t\t\t\t\t\t\t<div class=\"elementor-background-overlay\"><\/div>\n\t\t\t\t\t\t\t<div class=\"elementor-container elementor-column-gap-no\">\n\t\t\t\t\t<div class=\"elementor-column elementor-col-100 elementor-top-column elementor-element elementor-element-5312e3d\" data-id=\"5312e3d\" data-element_type=\"column\">\n\t\t\t<div class=\"elementor-widget-wrap elementor-element-populated\">\n\t\t\t\t\t\t<div class=\"elementor-element elementor-element-f8e2218 elementor-widget elementor-widget-heading\" data-id=\"f8e2218\" data-element_type=\"widget\" data-widget_type=\"heading.default\">\n\t\t\t\t<div class=\"elementor-widget-container\">\n\t\t\t<h2 class=\"elementor-heading-title elementor-size-default\">Pol\u00edtica de Privacidad<\/h2>\t\t<\/div>\n\t\t\t\t<\/div>\n\t\t\t\t\t<\/div>\n\t\t<\/div>\n\t\t\t\t\t<\/div>\n\t\t<\/section>\n\t\t\t\t<section class=\"elementor-section elementor-top-section elementor-element elementor-element-3fb7eb9 elementor-section-content-middle elementor-section-boxed elementor-section-height-default elementor-section-height-default\" data-id=\"3fb7eb9\" data-element_type=\"section\" data-settings=\"{&quot;background_background&quot;:&quot;classic&quot;}\">\n\t\t\t\t\t\t\t<div class=\"elementor-background-overlay\"><\/div>\n\t\t\t\t\t\t\t<div class=\"elementor-container elementor-column-gap-no\">\n\t\t\t\t\t<div class=\"elementor-column elementor-col-100 elementor-top-column elementor-element elementor-element-91b6803\" data-id=\"91b6803\" data-element_type=\"column\">\n\t\t\t<div class=\"elementor-widget-wrap elementor-element-populated\">\n\t\t\t\t\t\t<div class=\"elementor-element elementor-element-7f935efa elementor-widget elementor-widget-heading\" data-id=\"7f935efa\" data-element_type=\"widget\" data-widget_type=\"heading.default\">\n\t\t\t\t<div class=\"elementor-widget-container\">\n\t\t\t<h3 class=\"elementor-heading-title elementor-size-default\">Pol\u00edtica de Privacidad<\/h3>\t\t<\/div>\n\t\t\t\t<\/div>\n\t\t\t\t<div class=\"elementor-element elementor-element-65e1e1ac elementor-widget elementor-widget-text-editor\" data-id=\"65e1e1ac\" data-element_type=\"widget\" data-widget_type=\"text-editor.default\">\n\t\t\t\t<div class=\"elementor-widget-container\">\n\t\t\t\t\t\t\t<p>APEX Group International LLC y sus entidades totalmente y mayoritariamente propiedad (colectivamente, el \"Grupo APEX\"), respetan sus preocupaciones sobre privacidad. Las referencias en esta Pol\u00edtica de Privacidad a \"APEX\", \"nosotros\", \"nos\" y \"nuestro\" se refieren a la entidad responsable del procesamiento de su informaci\u00f3n personal, que generalmente es la entidad que obtiene su informaci\u00f3n personal. Esta Pol\u00edtica de Privacidad se aplica a la informaci\u00f3n personal que obtenemos a trav\u00e9s de las propiedades del Grupo APEX, incluidos sitios web, aplicaciones m\u00f3viles y p\u00e1ginas de redes sociales que hacen referencia a esta Pol\u00edtica de Privacidad (\"Canales en l\u00ednea\"); recopilaci\u00f3n fuera de l\u00ednea en relaci\u00f3n con ventas, marketing, compromisos con socios y proveedores (\"Canales fuera de l\u00ednea\"); y fuentes de terceros, incluidas redes publicitarias y intermediarios de clientes potenciales (colectivamente, los \"Canales\"). Esta Pol\u00edtica de Privacidad describe los tipos de informaci\u00f3n personal que obtenemos a trav\u00e9s de los Canales, c\u00f3mo podemos usar esa informaci\u00f3n personal, con qui\u00e9n podemos compartirla y c\u00f3mo puede ejercer sus derechos con respecto a nuestro procesamiento de la informaci\u00f3n. La Pol\u00edtica de Privacidad tambi\u00e9n describe las medidas que tomamos para proteger la informaci\u00f3n personal que obtenemos y c\u00f3mo puede contactarnos sobre nuestras pr\u00e1cticas de privacidad.<\/p>\t\t\t\t\t\t<\/div>\n\t\t\t\t<\/div>\n\t\t\t\t\t<\/div>\n\t\t<\/div>\n\t\t\t\t\t<\/div>\n\t\t<\/section>\n\t\t\t\t<section class=\"elementor-section elementor-top-section elementor-element elementor-element-71bf293 elementor-section-content-middle elementor-section-boxed elementor-section-height-default elementor-section-height-default\" data-id=\"71bf293\" data-element_type=\"section\" data-settings=\"{&quot;background_background&quot;:&quot;classic&quot;}\">\n\t\t\t\t\t\t\t<div class=\"elementor-background-overlay\"><\/div>\n\t\t\t\t\t\t\t<div class=\"elementor-container elementor-column-gap-no\">\n\t\t\t\t\t<div class=\"elementor-column elementor-col-100 elementor-top-column elementor-element elementor-element-3f354bb\" data-id=\"3f354bb\" data-element_type=\"column\">\n\t\t\t<div class=\"elementor-widget-wrap elementor-element-populated\">\n\t\t\t\t\t\t<div class=\"elementor-element elementor-element-feb050d elementor-widget elementor-widget-heading\" data-id=\"feb050d\" data-element_type=\"widget\" data-widget_type=\"heading.default\">\n\t\t\t\t<div class=\"elementor-widget-container\">\n\t\t\t<h3 class=\"elementor-heading-title elementor-size-default\">Informaci\u00f3n Personal que Obtenemos<\/h3>\t\t<\/div>\n\t\t\t\t<\/div>\n\t\t\t\t<div class=\"elementor-element elementor-element-b443bee elementor-widget elementor-widget-text-editor\" data-id=\"b443bee\" data-element_type=\"widget\" data-widget_type=\"text-editor.default\">\n\t\t\t\t<div class=\"elementor-widget-container\">\n\t\t\t\t\t\t\t<p>Podemos obtener informaci\u00f3n personal a trav\u00e9s de los Canales. Los tipos de informaci\u00f3n personal que podemos obtener incluyen:<\/p><ul><li>Informaci\u00f3n de contacto (como nombre, n\u00famero de tel\u00e9fono y fax, correo electr\u00f3nico y direcci\u00f3n postal) tuya o de otros (por ejemplo, directivos de tu empresa);<\/li><li>Informaci\u00f3n biogr\u00e1fica y demogr\u00e1fica (como fecha de nacimiento, edad, g\u00e9nero, cargo\/puesto de trabajo, estado civil, informaci\u00f3n sobre dependientes, c\u00f3nyuge y otros familiares);<\/li><li>Historial de compras y servicio al cliente;<\/li><li>Informaci\u00f3n financiera (como informaci\u00f3n de pago, incluidos nombre, direcci\u00f3n de facturaci\u00f3n y detalles de la tarjeta de pago (es decir, n\u00famero de tarjeta, fecha de vencimiento y c\u00f3digo de seguridad); informaci\u00f3n de cuenta bancaria; estados financieros; ingresos; y puntuaci\u00f3n de cr\u00e9dito);<\/li><li>Datos de ubicaci\u00f3n (como datos derivados de tu direcci\u00f3n IP, pa\u00eds y c\u00f3digo postal) y la ubicaci\u00f3n precisa de tu dispositivo m\u00f3vil cuando hemos proporcionado aviso y elecci\u00f3n, seg\u00fan corresponda;<\/li><li>Informaci\u00f3n de audio, electr\u00f3nica o visual;<\/li><li>Informaci\u00f3n de contacto que proporcionas sobre amigos u otras personas a las que te gustar\u00eda que contactemos.<\/li><\/ul>\t\t\t\t\t\t<\/div>\n\t\t\t\t<\/div>\n\t\t\t\t\t<\/div>\n\t\t<\/div>\n\t\t\t\t\t<\/div>\n\t\t<\/section>\n\t\t\t\t<section class=\"elementor-section elementor-top-section elementor-element elementor-element-5b19815 elementor-section-content-middle elementor-section-boxed elementor-section-height-default elementor-section-height-default\" data-id=\"5b19815\" data-element_type=\"section\" data-settings=\"{&quot;background_background&quot;:&quot;classic&quot;}\">\n\t\t\t\t\t\t\t<div class=\"elementor-background-overlay\"><\/div>\n\t\t\t\t\t\t\t<div class=\"elementor-container elementor-column-gap-no\">\n\t\t\t\t\t<div class=\"elementor-column elementor-col-100 elementor-top-column elementor-element elementor-element-d1475fc\" data-id=\"d1475fc\" data-element_type=\"column\">\n\t\t\t<div class=\"elementor-widget-wrap elementor-element-populated\">\n\t\t\t\t\t\t<div class=\"elementor-element elementor-element-5206a30 elementor-widget elementor-widget-heading\" data-id=\"5206a30\" data-element_type=\"widget\" data-widget_type=\"heading.default\">\n\t\t\t\t<div class=\"elementor-widget-container\">\n\t\t\t<h3 class=\"elementor-heading-title elementor-size-default\">C\u00f3mo Utilizamos la Informaci\u00f3n Personal<\/h3>\t\t<\/div>\n\t\t\t\t<\/div>\n\t\t\t\t<div class=\"elementor-element elementor-element-2bba1b5 elementor-widget__width-initial elementor-widget elementor-widget-text-editor\" data-id=\"2bba1b5\" data-element_type=\"widget\" data-widget_type=\"text-editor.default\">\n\t\t\t\t<div class=\"elementor-widget-container\">\n\t\t\t\t\t\t\t<p>Podemos utilizar la informaci\u00f3n personal que obtenemos para:<\/p><ul><li>Proporcionar y administrar nuestros productos y servicios;<\/li><li>Procesar y cumplir pedidos y mantenerte informado sobre el estado de tu pedido;<\/li><li>Comunicarnos sobre y administrar nuestros productos, servicios, eventos, programas y promociones (como enviar alertas, materiales promocionales, boletines informativos y otras comunicaciones de marketing);<\/li><li>Realizar y facilitar encuestas, sorteos, concursos, grupos de enfoque e iniciativas de investigaci\u00f3n de mercado;<\/li><li>Realizar an\u00e1lisis de datos (como investigaci\u00f3n de mercado, an\u00e1lisis de tendencias, an\u00e1lisis financiero y segmentaci\u00f3n de clientes);<\/li><li>Participar en retargeting de anuncios y evaluar la efectividad de nuestros esfuerzos de marketing (incluyendo a trav\u00e9s de nuestra participaci\u00f3n en redes publicitarias);<\/li><li>Brindar soporte al cliente;<\/li><li>Procesar, evaluar y responder a solicitudes, consultas y aplicaciones;<\/li><li>Crear, administrar y comunicarnos contigo sobre tu cuenta (incluidas cualquier compra y pago);<\/li><li>Administrar e inscribir participantes en nuestros cursos;<\/li><li>Realizar actividades de marketing y ventas (incluyendo la generaci\u00f3n de clientes potenciales, buscar prospectos de marketing, realizar investigaciones de mercado, determinar y gestionar la efectividad de nuestras campa\u00f1as de publicidad y marketing y administrar nuestra marca);<\/li><li>Verificar tu identidad y proteger contra y prevenir el fraude y otras actividades il\u00edcitas, transacciones no autorizadas, reclamos y otras responsabilidades, y gestionar la exposici\u00f3n al riesgo y la calidad;<\/li><li>Realizar investigaciones y cumplir con y hacer cumplir los requisitos legales aplicables, los est\u00e1ndares de la industria relevantes, las obligaciones contractuales y nuestras pol\u00edticas y t\u00e9rminos (como esta Pol\u00edtica de Privacidad y otros t\u00e9rminos de uso de los Canales en l\u00ednea); y<\/li><li>Mantener y mejorar la seguridad de nuestros productos, servicios, Canales en l\u00ednea, servicios de red, recursos de informaci\u00f3n y empleados.<\/li><\/ul>\t\t\t\t\t\t<\/div>\n\t\t\t\t<\/div>\n\t\t\t\t\t<\/div>\n\t\t<\/div>\n\t\t\t\t\t<\/div>\n\t\t<\/section>\n\t\t<div class=\"elementor-element elementor-element-f9d447f e-flex e-con-boxed e-con e-parent\" data-id=\"f9d447f\" data-element_type=\"container\" data-settings=\"{&quot;background_background&quot;:&quot;classic&quot;}\">\n\t\t\t\t\t<div class=\"e-con-inner\">\n\t\t<div class=\"elementor-element elementor-element-af937a9 e-con-full e-flex e-con e-child\" data-id=\"af937a9\" data-element_type=\"container\">\n\t\t\t\t<\/div>\n\t\t<div class=\"elementor-element elementor-element-7ff5425 e-con-full e-flex e-con e-child\" data-id=\"7ff5425\" data-element_type=\"container\">\n\t\t\t\t<\/div>\n\t\t\t\t\t<\/div>\n\t\t\t\t<\/div>\n\t\t\t\t<\/div>","protected":false},"excerpt":{"rendered":"<p>Privacy Policy Privacy Policy APEX Group International LLC and its wholly and majority-owned entities (collectively, the APEX Group\u201d), respect your concerns about privacy. References in this Privacy Policy to \u201cAPEX\u201d, \u201cwe\u201d, \u201cus\u201d, and \u201cour\u201d are references to the entity responsible for the processing of your personal information, which generally is the entity that obtains your [&hellip;]<\/p>","protected":false},"author":4,"featured_media":0,"parent":0,"menu_order":0,"comment_status":"closed","ping_status":"closed","template":"","meta":{"bgseo_title":"","bgseo_description":"","bgseo_robots_index":"index","bgseo_robots_follow":"follow","site-sidebar-layout":"no-sidebar","site-content-layout":"page-builder","ast-site-content-layout":"full-width-container","site-content-style":"default","site-sidebar-style":"default","ast-global-header-display":"","ast-banner-title-visibility":"","ast-main-header-display":"","ast-hfb-above-header-display":"","ast-hfb-below-header-display":"","ast-hfb-mobile-header-display":"","site-post-title":"disabled","ast-breadcrumbs-content":"","ast-featured-img":"disabled","footer-sml-layout":"","theme-transparent-header-meta":"","adv-header-id-meta":"","stick-header-meta":"","header-above-stick-meta":"","header-main-stick-meta":"","header-below-stick-meta":"","astra-migrate-meta-layouts":"set","ast-page-background-enabled":"default","ast-page-background-meta":{"desktop":{"background-color":"var(--ast-global-color-4)","background-image":"","background-repeat":"repeat","background-position":"center center","background-size":"auto","background-attachment":"scroll","background-type":"","background-media":"","overlay-type":"","overlay-color":"","overlay-opacity":"","overlay-gradient":""},"tablet":{"background-color":"","background-image":"","background-repeat":"repeat","background-position":"center center","background-size":"auto","background-attachment":"scroll","background-type":"","background-media":"","overlay-type":"","overlay-color":"","overlay-opacity":"","overlay-gradient":""},"mobile":{"background-color":"","background-image":"","background-repeat":"repeat","background-position":"center center","background-size":"auto","background-attachment":"scroll","background-type":"","background-media":"","overlay-type":"","overlay-color":"","overlay-opacity":"","overlay-gradient":""}},"ast-content-background-meta":{"desktop":{"background-color":"var(--ast-global-color-5)","background-image":"","background-repeat":"repeat","background-position":"center center","background-size":"auto","background-attachment":"scroll","background-type":"","background-media":"","overlay-type":"","overlay-color":"","overlay-opacity":"","overlay-gradient":""},"tablet":{"background-color":"var(--ast-global-color-5)","background-image":"","background-repeat":"repeat","background-position":"center center","background-size":"auto","background-attachment":"scroll","background-type":"","background-media":"","overlay-type":"","overlay-color":"","overlay-opacity":"","overlay-gradient":""},"mobile":{"background-color":"var(--ast-global-color-5)","background-image":"","background-repeat":"repeat","background-position":"center center","background-size":"auto","background-attachment":"scroll","background-type":"","background-media":"","overlay-type":"","overlay-color":"","overlay-opacity":"","overlay-gradient":""}},"footnotes":""},"class_list":["post-6307","page","type-page","status-publish","hentry"],"_links":{"self":[{"href":"https:\/\/apexgroupintl.com\/es\/wp-json\/wp\/v2\/pages\/6307"}],"collection":[{"href":"https:\/\/apexgroupintl.com\/es\/wp-json\/wp\/v2\/pages"}],"about":[{"href":"https:\/\/apexgroupintl.com\/es\/wp-json\/wp\/v2\/types\/page"}],"author":[{"embeddable":true,"href":"https:\/\/apexgroupintl.com\/es\/wp-json\/wp\/v2\/users\/4"}],"replies":[{"embeddable":true,"href":"https:\/\/apexgroupintl.com\/es\/wp-json\/wp\/v2\/comments?post=6307"}],"version-history":[{"count":66,"href":"https:\/\/apexgroupintl.com\/es\/wp-json\/wp\/v2\/pages\/6307\/revisions"}],"predecessor-version":[{"id":6553,"href":"https:\/\/apexgroupintl.com\/es\/wp-json\/wp\/v2\/pages\/6307\/revisions\/6553"}],"wp:attachment":[{"href":"https:\/\/apexgroupintl.com\/es\/wp-json\/wp\/v2\/media?parent=6307"}],"curies":[{"name":"wp","href":"https:\/\/api.w.org\/{rel}","templated":true}]}}