{"id":6327,"date":"2024-03-10T21:04:09","date_gmt":"2024-03-10T21:04:09","guid":{"rendered":"http:\/\/apexgroupintl.com\/?page_id=6327"},"modified":"2024-03-11T23:23:21","modified_gmt":"2024-03-11T23:23:21","slug":"terms-and-conditions","status":"publish","type":"page","link":"https:\/\/apexgroupintl.com\/es\/terms-and-conditions\/","title":{"rendered":"T\u00e9rminos y Condiciones"},"content":{"rendered":"<div data-elementor-type=\"wp-page\" data-elementor-id=\"6327\" class=\"elementor elementor-6327\" data-elementor-post-type=\"page\">\n\t\t\t\t\t\t<section class=\"elementor-section elementor-top-section elementor-element elementor-element-u5erbp1 elementor-section-content-top elementor-section-boxed elementor-section-height-default elementor-section-height-default\" data-id=\"u5erbp1\" data-element_type=\"section\" data-settings=\"{&quot;background_background&quot;:&quot;classic&quot;}\">\n\t\t\t\t\t\t\t<div class=\"elementor-background-overlay\"><\/div>\n\t\t\t\t\t\t\t<div class=\"elementor-container elementor-column-gap-no\">\n\t\t\t\t\t<div class=\"elementor-column elementor-col-100 elementor-top-column elementor-element elementor-element-5312e3d\" data-id=\"5312e3d\" data-element_type=\"column\">\n\t\t\t<div class=\"elementor-widget-wrap elementor-element-populated\">\n\t\t\t\t\t\t<div class=\"elementor-element elementor-element-f8e2218 elementor-widget elementor-widget-heading\" data-id=\"f8e2218\" data-element_type=\"widget\" data-widget_type=\"heading.default\">\n\t\t\t\t<div class=\"elementor-widget-container\">\n\t\t\t<h2 class=\"elementor-heading-title elementor-size-default\">T\u00e9rminos y Condiciones<\/h2>\t\t<\/div>\n\t\t\t\t<\/div>\n\t\t\t\t<div class=\"elementor-element elementor-element-21dadee elementor-widget elementor-widget-heading\" data-id=\"21dadee\" data-element_type=\"widget\" data-widget_type=\"heading.default\">\n\t\t\t\t<div class=\"elementor-widget-container\">\n\t\t\t<h4 class=\"elementor-heading-title elementor-size-default\">\u00a1Bienvenidos a Apex Group!<\/h4>\t\t<\/div>\n\t\t\t\t<\/div>\n\t\t\t\t\t<\/div>\n\t\t<\/div>\n\t\t\t\t\t<\/div>\n\t\t<\/section>\n\t\t<div class=\"elementor-element elementor-element-950932c e-flex e-con-boxed e-con e-parent\" data-id=\"950932c\" data-element_type=\"container\" data-settings=\"{&quot;background_background&quot;:&quot;classic&quot;}\">\n\t\t\t\t\t<div class=\"e-con-inner\">\n\t\t\t\t<div class=\"elementor-element elementor-element-e94d71d elementor-widget elementor-widget-text-editor\" data-id=\"e94d71d\" data-element_type=\"widget\" data-widget_type=\"text-editor.default\">\n\t\t\t\t<div class=\"elementor-widget-container\">\n\t\t\t\t\t\t\t<p>Estos t\u00e9rminos y condiciones describen las reglas y regulaciones para el uso del Sitio Web de Apex Group International, ubicado en <a href=\"http:\/\/apexgroupintl.com\/\">www.apexgroupintl.com<\/a>.<\/p><p>\u00a0<\/p><p>Al acceder a este sitio web, asumimos que aceptas estos t\u00e9rminos y condiciones. No contin\u00faes utilizando Apex Group si no est\u00e1s de acuerdo en aceptar todos los t\u00e9rminos y condiciones establecidos en esta p\u00e1gina.<\/p><p>\u00a0<\/p><p>La siguiente terminolog\u00eda se aplica a estos T\u00e9rminos y Condiciones, Declaraci\u00f3n de Privacidad y Aviso de Descargo de Responsabilidad, y a todos los Acuerdos: \"Cliente\", \"T\u00fa\" y \"Tu\" se refieren a ti, la persona que accede a este sitio web y cumple con los t\u00e9rminos y condiciones de la empresa. \"La Empresa\", \"Nosotros\", \"Nos\" y \"Nuestro\" se refiere a nuestra empresa. \"Parte\", \"Partes\" o \"Nosotros\" se refiere tanto al Cliente como a nosotros. Todos los t\u00e9rminos se refieren a la oferta, aceptaci\u00f3n y consideraci\u00f3n del pago necesario para llevar a cabo el proceso de nuestra asistencia al Cliente de la manera m\u00e1s adecuada para el prop\u00f3sito expreso de satisfacer las necesidades del Cliente en lo que respecta a la provisi\u00f3n de los servicios declarados por la Empresa, de acuerdo con y sujeto a las leyes vigentes de los Estados Unidos de Am\u00e9rica. Cualquier uso de la terminolog\u00eda anterior u otras palabras en singular, plural, may\u00fasculas y\/o \u00e9l\/ella o ellos, se toma como intercambiable y, por lo tanto, como que se refiere a lo mismo.<\/p><h3>\u00a0<\/h3><h3><strong>Cookies<\/strong><\/h3><p>Empleamos el uso de cookies. Al acceder a Apex Group, aceptaste el uso de cookies de acuerdo con la Pol\u00edtica de Privacidad de Apex Group International.<\/p><p>\u00a0<\/p><p>La mayor\u00eda de los sitios web interactivos utilizan cookies para permitirnos recuperar los detalles del usuario en cada visita. Nuestro sitio web utiliza cookies para habilitar la funcionalidad de ciertas \u00e1reas y facilitar la visita de las personas a nuestro sitio web. Algunos de nuestros socios afiliados\/publicitarios tambi\u00e9n pueden utilizar cookies.<\/p><h4>\u00a0<\/h4><h4 class=\"sh-2\"><strong>Marcas comerciales y derechos de autor<\/strong><\/h4><p>\u00a0<\/p><p>Las marcas comerciales, logotipos y marcas de servicio mostrados en este sitio est\u00e1n registrados y son marcas comerciales no registradas de los fabricantes originales, sus licenciantes o proveedores de contenido, u otros terceros. Todas estas marcas comerciales, logotipos y marcas de servicio son propiedad de sus respectivos propietarios. Nada en este sitio debe interpretarse como la concesi\u00f3n, por implicaci\u00f3n, impedimento, o de otra manera, de cualquier licencia o derecho para usar cualquier marca comercial, logotipo o marca de servicio mostrado en el sitio sin el permiso previo por escrito del propietario, excepto como se describe aqu\u00ed. Apex Group se reserva todos los derechos no expresamente otorgados en y para el sitio y su contenido. Este sitio y todo su contenido, incluyendo pero no limitado a texto, dise\u00f1o, gr\u00e1ficos, interfaces y c\u00f3digo, y la selecci\u00f3n y disposici\u00f3n de los mismos, est\u00e1 protegido como una compilaci\u00f3n bajo las leyes de derechos de autor de los Estados Unidos y otros pa\u00edses.<\/p><h3>\u00a0<\/h3><h3><strong>Licencia<\/strong><\/h3><p>A menos que se indique lo contrario, Apex Group International y\/o sus licenciantes son propietarios de los derechos de propiedad intelectual de todo el material en Apex Group. Todos los derechos de propiedad intelectual est\u00e1n reservados. Puedes acceder a esto desde Apex Group para tu uso personal sujeto a las restricciones establecidas en estos t\u00e9rminos y condiciones.<\/p><p>\u00a0<\/p><p>No debes hacerlo sin permiso expreso:<\/p><ul><li>Republicar material de Apex Group.<\/li><li>Vender, alquilar o sublicenciar material de Apex Group.<\/li><li>Reproducir, duplicar o copiar material de Apex Group.<\/li><li>Redistribuir contenido de Apex Group.<\/li><\/ul><p>Nuestros T\u00e9rminos y Condiciones fueron creados en cumplimiento de los derechos de privacidad y las reglas y regulaciones aplicables de la Comisi\u00f3n Federal de Comercio y el Estado de Florida, EE. UU.<\/p><p>\u00a0<\/p><p>Partes de este sitio web ofrecen la oportunidad a los usuarios de enviar solicitudes de cotizaci\u00f3n y solicitar informaci\u00f3n en ciertas \u00e1reas del sitio web. Apex Group International no filtra, edita, publica ni revela la identidad o detalles comerciales de sus visitantes y clientes potenciales del sitio web. Los comentarios en redes sociales relacionadas como YouTube, Instagram o Facebook no reflejan las opiniones de Apex Group International, sus agentes y\/o afiliados. Los comentarios reflejan las opiniones de la persona que publica sus puntos de vista y opiniones. En la medida permitida por las leyes aplicables, Apex Group International no ser\u00e1 responsable de los comentarios ni de cualquier responsabilidad, da\u00f1o o gasto causado y\/o sufrido como resultado de cualquier uso, publicaci\u00f3n o aparici\u00f3n de los comentarios en este sitio web o sus extensiones asociadas.<\/p><p>\u00a0<\/p><p>Apex Group International se reserva el derecho de monitorear todos los comentarios y de eliminar cualquier comentario que pueda considerarse inapropiado, ofensivo o que viole estos T\u00e9rminos y Condiciones.<\/p><p>\u00a0<\/p><p>T\u00fa garantizas y representas que:<\/p><ul><li>Tienes derecho a publicar los comentarios en nuestro sitio web y extensiones de redes sociales, y cuentas con todas las licencias y consentimientos necesarios para hacerlo;<\/li><li>Los comentarios no invaden ning\u00fan derecho de propiedad intelectual, incluidos, entre otros, los derechos de autor, patentes o marcas comerciales de terceros;<\/li><li>Los comentarios no contienen ning\u00fan material difamatorio, calumnioso, ofensivo, indecente o de otra manera ilegal que constituya una invasi\u00f3n de la privacidad.<\/li><li>Los comentarios no se utilizar\u00e1n para solicitar o promover negocios o clientes, ni para presentar actividades comerciales o actividades ilegales.<\/li><\/ul><p>Por la presente, otorgas a Apex Group International una licencia no exclusiva para usar, reproducir, editar y autorizar a otros a usar, reproducir y editar cualquiera de tus comentarios en cualquier forma, formato o medio. No se permitir\u00e1 el uso del logotipo u otra obra de arte de Apex Group International para enlaces sin un acuerdo de licencia de marca registrada.<\/p><h3><strong><br \/>iFrames<\/strong><\/h3><p>Sin aprobaci\u00f3n previa y permiso por escrito, no puedes crear marcos alrededor de nuestras p\u00e1ginas web que alteren de alguna manera la presentaci\u00f3n visual o la apariencia de nuestro sitio web.<\/p><h3><strong><br \/>Responsabilidad del contenido<\/strong><\/h3><p>No seremos responsables por ning\u00fan contenido que aparezca en tu sitio web. Acuerdas protegernos y defendernos contra todas las reclamaciones que surjan en tu sitio web. Ning\u00fan enlace debe aparecer en ning\u00fan sitio web que pueda interpretarse como difamatorio, obsceno o criminal, o que infrinja, viole de otra manera, o promueva la infracci\u00f3n u otra violaci\u00f3n de los derechos de terceros.<\/p><h3><strong><br \/>Reserva de Derechos<\/strong><\/h3><p>Nos reservamos el derecho de solicitar que elimines todos los enlaces o cualquier enlace en particular a nuestro sitio web. Aceptas eliminar inmediatamente todos los enlaces a nuestro sitio web cuando se solicite. Tambi\u00e9n nos reservamos el derecho de modificar estos t\u00e9rminos y condiciones y nuestra pol\u00edtica de enlaces en cualquier momento. Al seguir enlazando continuamente a nuestro sitio web, aceptas quedar vinculado y seguir estos t\u00e9rminos y condiciones de enlace.<\/p><h3><strong><br \/>Eliminaci\u00f3n de enlaces de nuestro sitio web<\/strong><\/h3><p>Si encuentras alg\u00fan enlace en nuestro sitio web que sea ofensivo por cualquier motivo, tienes la libertad de contactarnos e informarnos en cualquier momento. Consideraremos las solicitudes para eliminar enlaces, pero no estamos obligados a hacerlo o a responderte directamente.<br \/><strong style=\"color: var(--ast-global-color-8); font-size: 1.2381rem; font-style: inherit;\"><br \/>Descargo de responsabilidad<\/strong><\/p><p>Hasta el m\u00e1ximo alcance permitido por la ley aplicable, excluimos todas las representaciones, garant\u00edas y condiciones relacionadas con nuestro sitio web y el uso de este sitio web. Nada en este descargo de responsabilidad:<br \/><br \/><\/p><ul><li>limitar\u00e1 o excluir\u00e1 nuestra o tu responsabilidad por muerte o lesiones personales;<\/li><li>limitar\u00e1 o excluir\u00e1 nuestra o tu responsabilidad por fraude o representaci\u00f3n fraudulenta;<\/li><li>limitar\u00e1 cualquiera de nuestras o tus responsabilidades de ninguna manera que no est\u00e9 permitida seg\u00fan la ley aplicable; o<\/li><li>excluir\u00e1 cualquiera de nuestras o tus responsabilidades que no puedan ser excluidas seg\u00fan la ley aplicable.<\/li><\/ul><p>Las limitaciones y prohibiciones de responsabilidad establecidas en esta secci\u00f3n y en otros lugares de este descargo de responsabilidad: (a) est\u00e1n sujetas al p\u00e1rrafo anterior; y (b) rigen todas las responsabilidades que surjan bajo el descargo de responsabilidad, incluidas las responsabilidades que surjan en contrato, en agravio y por incumplimiento del deber estatutario.<\/p><p><br \/>Siempre y cuando la informaci\u00f3n sobre productos y servicios en el sitio web se proporcione de forma gratuita, no seremos responsables de ninguna p\u00e9rdida o da\u00f1o de ninguna naturaleza.<\/p>\t\t\t\t\t\t<\/div>\n\t\t\t\t<\/div>\n\t\t\t\t\t<\/div>\n\t\t\t\t<\/div>\n\t\t<div class=\"elementor-element elementor-element-63e1e57 e-flex e-con-boxed e-con e-parent\" data-id=\"63e1e57\" data-element_type=\"container\" data-settings=\"{&quot;background_background&quot;:&quot;classic&quot;}\">\n\t\t\t\t\t<div class=\"e-con-inner\">\n\t\t<div class=\"elementor-element elementor-element-958d336 e-con-full e-flex e-con e-child\" data-id=\"958d336\" data-element_type=\"container\">\n\t\t\t\t<\/div>\n\t\t<div class=\"elementor-element elementor-element-10ab6fc e-con-full e-flex e-con e-child\" data-id=\"10ab6fc\" data-element_type=\"container\">\n\t\t\t\t<\/div>\n\t\t\t\t\t<\/div>\n\t\t\t\t<\/div>\n\t\t\t\t<\/div>","protected":false},"excerpt":{"rendered":"<p>Terms and Conditions Welcome to Apex Group! These terms and conditions outline the rules and regulations for the use of Apex Group International&#8217;s Website, located at www.apexgroupintl.com. \u00a0 By accessing this website we assume you accept these terms and conditions. Do not continue to use Apex Group if you do not agree to take all [&hellip;]<\/p>","protected":false},"author":4,"featured_media":0,"parent":0,"menu_order":0,"comment_status":"closed","ping_status":"closed","template":"","meta":{"bgseo_title":"","bgseo_description":"","bgseo_robots_index":"index","bgseo_robots_follow":"follow","site-sidebar-layout":"no-sidebar","site-content-layout":"page-builder","ast-site-content-layout":"full-width-container","site-content-style":"default","site-sidebar-style":"default","ast-global-header-display":"","ast-banner-title-visibility":"","ast-main-header-display":"","ast-hfb-above-header-display":"","ast-hfb-below-header-display":"","ast-hfb-mobile-header-display":"","site-post-title":"disabled","ast-breadcrumbs-content":"","ast-featured-img":"disabled","footer-sml-layout":"","theme-transparent-header-meta":"","adv-header-id-meta":"","stick-header-meta":"","header-above-stick-meta":"","header-main-stick-meta":"","header-below-stick-meta":"","astra-migrate-meta-layouts":"set","ast-page-background-enabled":"default","ast-page-background-meta":{"desktop":{"background-color":"var(--ast-global-color-4)","background-image":"","background-repeat":"repeat","background-position":"center center","background-size":"auto","background-attachment":"scroll","background-type":"","background-media":"","overlay-type":"","overlay-color":"","overlay-opacity":"","overlay-gradient":""},"tablet":{"background-color":"","background-image":"","background-repeat":"repeat","background-position":"center center","background-size":"auto","background-attachment":"scroll","background-type":"","background-media":"","overlay-type":"","overlay-color":"","overlay-opacity":"","overlay-gradient":""},"mobile":{"background-color":"","background-image":"","background-repeat":"repeat","background-position":"center center","background-size":"auto","background-attachment":"scroll","background-type":"","background-media":"","overlay-type":"","overlay-color":"","overlay-opacity":"","overlay-gradient":""}},"ast-content-background-meta":{"desktop":{"background-color":"var(--ast-global-color-5)","background-image":"","background-repeat":"repeat","background-position":"center center","background-size":"auto","background-attachment":"scroll","background-type":"","background-media":"","overlay-type":"","overlay-color":"","overlay-opacity":"","overlay-gradient":""},"tablet":{"background-color":"var(--ast-global-color-5)","background-image":"","background-repeat":"repeat","background-position":"center center","background-size":"auto","background-attachment":"scroll","background-type":"","background-media":"","overlay-type":"","overlay-color":"","overlay-opacity":"","overlay-gradient":""},"mobile":{"background-color":"var(--ast-global-color-5)","background-image":"","background-repeat":"repeat","background-position":"center center","background-size":"auto","background-attachment":"scroll","background-type":"","background-media":"","overlay-type":"","overlay-color":"","overlay-opacity":"","overlay-gradient":""}},"footnotes":""},"class_list":["post-6327","page","type-page","status-publish","hentry"],"_links":{"self":[{"href":"https:\/\/apexgroupintl.com\/es\/wp-json\/wp\/v2\/pages\/6327"}],"collection":[{"href":"https:\/\/apexgroupintl.com\/es\/wp-json\/wp\/v2\/pages"}],"about":[{"href":"https:\/\/apexgroupintl.com\/es\/wp-json\/wp\/v2\/types\/page"}],"author":[{"embeddable":true,"href":"https:\/\/apexgroupintl.com\/es\/wp-json\/wp\/v2\/users\/4"}],"replies":[{"embeddable":true,"href":"https:\/\/apexgroupintl.com\/es\/wp-json\/wp\/v2\/comments?post=6327"}],"version-history":[{"count":54,"href":"https:\/\/apexgroupintl.com\/es\/wp-json\/wp\/v2\/pages\/6327\/revisions"}],"predecessor-version":[{"id":6547,"href":"https:\/\/apexgroupintl.com\/es\/wp-json\/wp\/v2\/pages\/6327\/revisions\/6547"}],"wp:attachment":[{"href":"https:\/\/apexgroupintl.com\/es\/wp-json\/wp\/v2\/media?parent=6327"}],"curies":[{"name":"wp","href":"https:\/\/api.w.org\/{rel}","templated":true}]}}